{"id":16902,"date":"2018-09-22T14:46:21","date_gmt":"2018-09-22T09:16:21","guid":{"rendered":"http:\/\/www.ritsukaparts.com\/new\/product\/import-placeholder-for-742\/"},"modified":"2018-11-08T14:06:39","modified_gmt":"2018-11-08T08:36:39","slug":"lamparas","status":"publish","type":"product","link":"https:\/\/www.ritsukaparts.com\/es\/product\/lamparas\/","title":{"rendered":"L\u00e1mparas"},"content":{"rendered":"","protected":false},"excerpt":{"rendered":"<p>Cada uno de nuestros estatores cuidadosamente fabricados se prueba adicionalmente bajo est\u00e1ndares internacionales. Nos apasiona crear las piezas de repuesto de la manera m\u00e1s brillante posible y nuestra inspecci\u00f3n de calidad del 100% de los productos durante la producci\u00f3n garantiza un producto de calidad.<\/p>\n<p>Caracter\u00edsticas:<\/p>\n<ul>\n<li>Alta calidad y durabilidad<\/li>\n<li>Fabricado de manera que brinde una excelente producci\u00f3n de luz y larga vida<\/li>\n<li>Gran flujo luminoso<\/li>\n<li>Flujo luminoso constante a lo largo de la vida \u00fatil de la l\u00e1mpara<\/li>\n<li>Hasta el triple de la vida \u00fatil (en comparaci\u00f3n con las l\u00e1mparas est\u00e1ndar)<\/li>\n<li>Dise\u00f1o Elegante<\/li>\n<li>Sin efectos de color irritantes<\/li>\n<li>Dise\u00f1o de filamento optimizado<\/li>\n<li>CCT homologado<\/li>\n<li>Resistentes a las vibraciones<\/li>\n<li>Repuestos originales<\/li>\n<\/ul>\n<div class=\"txt-cntr\">\n<p class=\"prd-tt-txt\">L\u00e1mparas hal\u00f3genas: componentes principales<\/p>\n<p><img decoding=\"async\" src=\"http:\/\/www.ritsukaparts.com\/es\/wp-content\/uploads\/2018\/09\/halogen-bulb-main-component.png\" \/><\/p>\n<\/div>\n","protected":false},"featured_media":16965,"template":"","meta":[],"product_brand":[],"product_cat":[316],"product_tag":[],"class_list":{"0":"post-16902","1":"product","2":"type-product","3":"status-publish","4":"has-post-thumbnail","6":"product_cat-partes-electricas-y-ligeras","8":"first","9":"instock","10":"shipping-taxable","11":"product-type-simple"},"_links":{"self":[{"href":"https:\/\/www.ritsukaparts.com\/es\/wp-json\/wp\/v2\/product\/16902","targetHints":{"allow":["GET"]}}],"collection":[{"href":"https:\/\/www.ritsukaparts.com\/es\/wp-json\/wp\/v2\/product"}],"about":[{"href":"https:\/\/www.ritsukaparts.com\/es\/wp-json\/wp\/v2\/types\/product"}],"wp:featuredmedia":[{"embeddable":true,"href":"https:\/\/www.ritsukaparts.com\/es\/wp-json\/wp\/v2\/media\/16965"}],"wp:attachment":[{"href":"https:\/\/www.ritsukaparts.com\/es\/wp-json\/wp\/v2\/media?parent=16902"}],"wp:term":[{"taxonomy":"product_brand","embeddable":true,"href":"https:\/\/www.ritsukaparts.com\/es\/wp-json\/wp\/v2\/product_brand?post=16902"},{"taxonomy":"product_cat","embeddable":true,"href":"https:\/\/www.ritsukaparts.com\/es\/wp-json\/wp\/v2\/product_cat?post=16902"},{"taxonomy":"product_tag","embeddable":true,"href":"https:\/\/www.ritsukaparts.com\/es\/wp-json\/wp\/v2\/product_tag?post=16902"}],"curies":[{"name":"wp","href":"https:\/\/api.w.org\/{rel}","templated":true}]}}