{"id":16903,"date":"2018-09-22T14:46:23","date_gmt":"2018-09-22T09:16:23","guid":{"rendered":"http:\/\/www.ritsukaparts.com\/new\/product\/import-placeholder-for-745\/"},"modified":"2021-07-14T07:46:45","modified_gmt":"2021-07-14T02:16:45","slug":"cadenas","status":"publish","type":"product","link":"https:\/\/www.ritsukaparts.com\/es\/product\/cadenas\/","title":{"rendered":"Cadenas"},"content":{"rendered":"","protected":false},"excerpt":{"rendered":"<p>Nos enfocamos en los principios b\u00e1sicos de la fabricaci\u00f3n de cadenas para crear un producto perfecto. Estos principios indican que una cadena de rodillos se utiliza para conectar dos ruedas dentadas y transferir el torque. La cadena de rodillos se compone de una serie de enlaces internos y externos conectados para formar un conjunto flexible. Nos basamos en nuestro conocimiento y experiencia para fortalecer a\u00fan m\u00e1s la precisi\u00f3n y la ingenier\u00eda. Cada una de las piezas est\u00e1 finamente fabricada con calidad y durabilidad superior, directamente desde la excepcional materia prima a los procesos mejorados de producci\u00f3n.<\/p>\n<p><img loading=\"lazy\" decoding=\"async\" class=\"size-full wp-image-18501 aligncenter\" src=\"https:\/\/www.ritsukaparts.com\/es\/wp-content\/uploads\/2018\/09\/inside-link.jpg\" alt=\"\" width=\"831\" height=\"221\" \/><\/p>\n<p>Los eslabones externos consisten en dos placas que est\u00e1n conectadas por dos pasadores que, a su vez, se presionan en cada placa. Los pernos en el eslab\u00f3n externo pasan por el interior de los rodillos cuando se ensamblan los eslabones internos y externos. Los pernos pueden girar libremente en el interior de los rodillos. Los eslabones internos constan de dos placas que est\u00e1n conectadas por dos rodillos huecos que se presionan en cada placa. Los dientes del pi\u00f1\u00f3n entran en contacto con la superficie de los rodillos cuando la cadena se encuentra del pi\u00f1\u00f3n. El Paso es la distancia entre los centros de dos pines adyacentes. Los pasos comunes son 0.25 &#8220;, conocidos como # 25 y 0.375&#8221; (# 35). La seguridad y el confort de un conductor son el motivo principal que nos ayuda a fabricar el mejor producto. Muestras terminadas de las cadenas fabricadas se someten a pruebas rigurosas en laboratorios de pruebas de \u00faltima generaci\u00f3n para alta velocidad y carga, para evaluar su rendimiento y mantener est\u00e1ndares internacionales. Todas las cadenas est\u00e1n pre-lubricadas con lubricantes especiales para garantizar una larga vida \u00fatil.<\/p>\n","protected":false},"featured_media":16967,"template":"","meta":[],"product_brand":[],"product_cat":[317],"product_tag":[],"class_list":{"0":"post-16903","1":"product","2":"type-product","3":"status-publish","4":"has-post-thumbnail","6":"product_cat-partes-de-transmision","8":"first","9":"instock","10":"shipping-taxable","11":"product-type-simple"},"_links":{"self":[{"href":"https:\/\/www.ritsukaparts.com\/es\/wp-json\/wp\/v2\/product\/16903","targetHints":{"allow":["GET"]}}],"collection":[{"href":"https:\/\/www.ritsukaparts.com\/es\/wp-json\/wp\/v2\/product"}],"about":[{"href":"https:\/\/www.ritsukaparts.com\/es\/wp-json\/wp\/v2\/types\/product"}],"wp:featuredmedia":[{"embeddable":true,"href":"https:\/\/www.ritsukaparts.com\/es\/wp-json\/wp\/v2\/media\/16967"}],"wp:attachment":[{"href":"https:\/\/www.ritsukaparts.com\/es\/wp-json\/wp\/v2\/media?parent=16903"}],"wp:term":[{"taxonomy":"product_brand","embeddable":true,"href":"https:\/\/www.ritsukaparts.com\/es\/wp-json\/wp\/v2\/product_brand?post=16903"},{"taxonomy":"product_cat","embeddable":true,"href":"https:\/\/www.ritsukaparts.com\/es\/wp-json\/wp\/v2\/product_cat?post=16903"},{"taxonomy":"product_tag","embeddable":true,"href":"https:\/\/www.ritsukaparts.com\/es\/wp-json\/wp\/v2\/product_tag?post=16903"}],"curies":[{"name":"wp","href":"https:\/\/api.w.org\/{rel}","templated":true}]}}