{"id":16904,"date":"2018-09-22T14:46:25","date_gmt":"2018-09-22T09:16:25","guid":{"rendered":"http:\/\/www.ritsukaparts.com\/new\/product\/import-placeholder-for-749\/"},"modified":"2018-11-08T12:22:58","modified_gmt":"2018-11-08T06:52:58","slug":"cdi","status":"publish","type":"product","link":"https:\/\/www.ritsukaparts.com\/es\/product\/cdi\/","title":{"rendered":"CDI"},"content":{"rendered":"","protected":false},"excerpt":{"rendered":"<p>Usamos la tecnolog\u00eda m\u00e1s moderna junto con casi una d\u00e9cada de trabajo y dedicaci\u00f3n. Somos superiores en calidad con nuestra tecnolog\u00eda de alta gama y otras caracter\u00edsticas.<\/p>\n<p>Caracter\u00edsticos:<\/p>\n<ul>\n<li>Los transistores son reemplazados por MOSFET para aumentar la eficiencia<\/li>\n<li>Circuito de precisi\u00f3n para un funcionamiento sin errors<\/li>\n<li>I.C. Philips para la mejor vida de programaci\u00f3n<\/li>\n<li>Capacitor de alta capacidad para uso en bajas RPM<\/li>\n<li>Conector de nylon PA66 resistente a altas temperaturas y a prueba de fueg<\/li>\n<\/ul>\n","protected":false},"featured_media":16974,"template":"","meta":[],"product_brand":[],"product_cat":[316],"product_tag":[],"class_list":{"0":"post-16904","1":"product","2":"type-product","3":"status-publish","4":"has-post-thumbnail","6":"product_cat-partes-electricas-y-ligeras","8":"first","9":"instock","10":"shipping-taxable","11":"product-type-simple"},"_links":{"self":[{"href":"https:\/\/www.ritsukaparts.com\/es\/wp-json\/wp\/v2\/product\/16904","targetHints":{"allow":["GET"]}}],"collection":[{"href":"https:\/\/www.ritsukaparts.com\/es\/wp-json\/wp\/v2\/product"}],"about":[{"href":"https:\/\/www.ritsukaparts.com\/es\/wp-json\/wp\/v2\/types\/product"}],"wp:featuredmedia":[{"embeddable":true,"href":"https:\/\/www.ritsukaparts.com\/es\/wp-json\/wp\/v2\/media\/16974"}],"wp:attachment":[{"href":"https:\/\/www.ritsukaparts.com\/es\/wp-json\/wp\/v2\/media?parent=16904"}],"wp:term":[{"taxonomy":"product_brand","embeddable":true,"href":"https:\/\/www.ritsukaparts.com\/es\/wp-json\/wp\/v2\/product_brand?post=16904"},{"taxonomy":"product_cat","embeddable":true,"href":"https:\/\/www.ritsukaparts.com\/es\/wp-json\/wp\/v2\/product_cat?post=16904"},{"taxonomy":"product_tag","embeddable":true,"href":"https:\/\/www.ritsukaparts.com\/es\/wp-json\/wp\/v2\/product_tag?post=16904"}],"curies":[{"name":"wp","href":"https:\/\/api.w.org\/{rel}","templated":true}]}}