{"id":17039,"date":"2018-09-22T14:50:15","date_gmt":"2018-09-22T09:20:15","guid":{"rendered":"http:\/\/www.ritsukaparts.com\/new\/product\/import-placeholder-for-1094\/"},"modified":"2021-07-14T07:38:56","modified_gmt":"2021-07-14T02:08:56","slug":"corona","status":"publish","type":"product","link":"https:\/\/www.ritsukaparts.com\/es\/product\/corona\/","title":{"rendered":"Corona\/Pi\u00f1\u00f3n"},"content":{"rendered":"<div id=\"style-4\" class=\"table-scrl\">\n<p><img loading=\"lazy\" decoding=\"async\" class=\"alignnone size-full wp-image-18503\" src=\"https:\/\/www.ritsukaparts.com\/es\/wp-content\/uploads\/2018\/09\/description-sprocket.jpg\" alt=\"\" width=\"711\" height=\"430\" \/><br \/>\n\u2022 El n\u00famero de dientes es la cuenta total de la cantidad de dientes (proyecciones) alrededor de toda la circunferencia de una rueda dentada. Pi\u00f1ones o coronas con muy pocos dientes, es f\u00e1cil simplemente contar la cantidad de dientes. Sin embargo, para pi\u00f1ones o coronas con mayor n\u00famero de dientes, intentar contar los dientes puede no ser muy pr\u00e1ctico o preciso.<\/p>\n<p>\u2022 El Di\u00e1metro de Paso (PD) es un c\u00edrculo imaginario que se traza por el centro de los pasadores de la cadena cuando la rueda dentada gira mientras est\u00e1 engranada con una cadena. La relaci\u00f3n del di\u00e1metro de paso entre las ruedas dentadas se puede usar para calcular la relaci\u00f3n de engranajes, pero m\u00e1s com\u00fanmente y mucho m\u00e1s simplemente se usa la relaci\u00f3n del n\u00famero de dientes para este c\u00e1lculo.<\/p>\n<p>\u2022 El paso representa la cantidad de di\u00e1metro de paso en pulgadas por diente. Los engranajes con un paso m\u00e1s grande tendr\u00e1n dientes m\u00e1s grandes. Los pasos comunes son 0.25 &#8220;, conocidos como # 25 y 0.375&#8221; (# 35).<\/p>\n<p>\u2022 El di\u00e1metro externo (OD) siempre ser\u00e1 mayor que el di\u00e1metro de paso, pero menor que el di\u00e1metro de separaci\u00f3n de la cadena. El di\u00e1metro exterior no tiene en cuenta el di\u00e1metro adicional agregado por la cadena, por lo que no debe utilizarse para verificar la interferencia del conjunto.<\/p>\n<p>\u2022 Di\u00e1metro de separaci\u00f3n de la cadena es el di\u00e1metro exterior de una rueda dentada con una cadena envuelta alrededor. El di\u00e1metro de separaci\u00f3n de la cadena siempre ser\u00e1 mayor que el di\u00e1metro de paso y el di\u00e1metro exterior. El di\u00e1metro de separaci\u00f3n de la cadena se debe usar cuando se busque posibles interferencias cuando se colocan pi\u00f1ones o coronas muy cerca de otras estructuras.<\/p>\n<p>Nosotros, en Ritsuka, entendemos la precisi\u00f3n y la ingenier\u00eda de cada repuesto en su totalidad y nuestro conocimiento y enfoque nos lleva a crear pi\u00f1ones y coronas excepcionales para varios modelos de motocicletas.<\/p>\n<\/div>\n","protected":false},"excerpt":{"rendered":"<p>Fabricamos coronas y pi\u00f1ones superiores debido a las excelentes materias primas utilizadas y a nuestra adherencia a un estricto control de calidad. Empleamos el mejor acero con alto contenido de carbono para las coronas y aleaci\u00f3n de acero para los pi\u00f1ones. Nuestras unidades de fabricaci\u00f3n est\u00e1n completamente equipadas con maquinaria de \u00faltima generaci\u00f3n junto con el mejor dise\u00f1o de computadora CNC y equipos de corte de metal controlados por computadora que nos permiten fabricar coronas y pi\u00f1ones m\u00e1s precisos para su motocicleta.<\/p>\n<p>Repasando la anatom\u00eda b\u00e1sica de las ruedas dentadas, se trata de piezas giratorias con dientes que se utilizan junto con una cadena y, casi siempre, al menos con otra rueda dentada para transmitir el torque. Estas ruedas dentadas y la cadena se pueden usar para cambiar la velocidad, el torque \u00a0o la direcci\u00f3n original de un motor. Para que las coronas\/pi\u00f1ones y la cadena sean compatibles entre s\u00ed, ambos deben tener el mismo espesor y paso. Para que funcionen de manera efectiva, deben estar en ejes paralelos con sus dientes correspondientes en el mismo plano<\/p>\n","protected":false},"featured_media":17091,"template":"","meta":[],"product_brand":[],"product_cat":[317],"product_tag":[],"class_list":{"0":"post-17039","1":"product","2":"type-product","3":"status-publish","4":"has-post-thumbnail","6":"product_cat-partes-de-transmision","8":"first","9":"instock","10":"shipping-taxable","11":"product-type-simple"},"_links":{"self":[{"href":"https:\/\/www.ritsukaparts.com\/es\/wp-json\/wp\/v2\/product\/17039","targetHints":{"allow":["GET"]}}],"collection":[{"href":"https:\/\/www.ritsukaparts.com\/es\/wp-json\/wp\/v2\/product"}],"about":[{"href":"https:\/\/www.ritsukaparts.com\/es\/wp-json\/wp\/v2\/types\/product"}],"wp:featuredmedia":[{"embeddable":true,"href":"https:\/\/www.ritsukaparts.com\/es\/wp-json\/wp\/v2\/media\/17091"}],"wp:attachment":[{"href":"https:\/\/www.ritsukaparts.com\/es\/wp-json\/wp\/v2\/media?parent=17039"}],"wp:term":[{"taxonomy":"product_brand","embeddable":true,"href":"https:\/\/www.ritsukaparts.com\/es\/wp-json\/wp\/v2\/product_brand?post=17039"},{"taxonomy":"product_cat","embeddable":true,"href":"https:\/\/www.ritsukaparts.com\/es\/wp-json\/wp\/v2\/product_cat?post=17039"},{"taxonomy":"product_tag","embeddable":true,"href":"https:\/\/www.ritsukaparts.com\/es\/wp-json\/wp\/v2\/product_tag?post=17039"}],"curies":[{"name":"wp","href":"https:\/\/api.w.org\/{rel}","templated":true}]}}