{"id":17040,"date":"2018-09-22T14:50:17","date_gmt":"2018-09-22T09:20:17","guid":{"rendered":"http:\/\/www.ritsukaparts.com\/new\/product\/import-placeholder-for-1100\/"},"modified":"2018-11-08T14:16:19","modified_gmt":"2018-11-08T08:46:19","slug":"paneles-de-instrumentos","status":"publish","type":"product","link":"https:\/\/www.ritsukaparts.com\/es\/product\/paneles-de-instrumentos\/","title":{"rendered":"Paneles de instrumentos"},"content":{"rendered":"","protected":false},"excerpt":{"rendered":"<p>Fabricamos una amplia gama de veloc\u00edmetros y paneles de instrumentos. Creemos en la fabricaci\u00f3n interna de piezas componentes cr\u00edticas.<\/p>\n<p>Fortalezas<\/p>\n<ul>\n<li>Agujas y reloces f\u00e1ciles de leer<\/li>\n<li>Tecnolog\u00eda de pantalla digital<\/li>\n<li>Dise\u00f1o elegante<\/li>\n<li>Pantalla antideslumbrante<\/li>\n<li>Larga vida \u00fatil<\/li>\n<li>Impermeables<\/li>\n<li>A prueba de polvo<\/li>\n<\/ul>\n","protected":false},"featured_media":17093,"template":"","meta":[],"product_brand":[],"product_cat":[316],"product_tag":[],"class_list":{"0":"post-17040","1":"product","2":"type-product","3":"status-publish","4":"has-post-thumbnail","6":"product_cat-partes-electricas-y-ligeras","8":"first","9":"instock","10":"shipping-taxable","11":"product-type-simple"},"_links":{"self":[{"href":"https:\/\/www.ritsukaparts.com\/es\/wp-json\/wp\/v2\/product\/17040","targetHints":{"allow":["GET"]}}],"collection":[{"href":"https:\/\/www.ritsukaparts.com\/es\/wp-json\/wp\/v2\/product"}],"about":[{"href":"https:\/\/www.ritsukaparts.com\/es\/wp-json\/wp\/v2\/types\/product"}],"wp:featuredmedia":[{"embeddable":true,"href":"https:\/\/www.ritsukaparts.com\/es\/wp-json\/wp\/v2\/media\/17093"}],"wp:attachment":[{"href":"https:\/\/www.ritsukaparts.com\/es\/wp-json\/wp\/v2\/media?parent=17040"}],"wp:term":[{"taxonomy":"product_brand","embeddable":true,"href":"https:\/\/www.ritsukaparts.com\/es\/wp-json\/wp\/v2\/product_brand?post=17040"},{"taxonomy":"product_cat","embeddable":true,"href":"https:\/\/www.ritsukaparts.com\/es\/wp-json\/wp\/v2\/product_cat?post=17040"},{"taxonomy":"product_tag","embeddable":true,"href":"https:\/\/www.ritsukaparts.com\/es\/wp-json\/wp\/v2\/product_tag?post=17040"}],"curies":[{"name":"wp","href":"https:\/\/api.w.org\/{rel}","templated":true}]}}