{"id":17042,"date":"2018-09-22T14:50:18","date_gmt":"2018-09-22T09:20:18","guid":{"rendered":"http:\/\/www.ritsukaparts.com\/new\/product\/import-placeholder-for-1105\/"},"modified":"2018-11-08T14:12:07","modified_gmt":"2018-11-08T08:42:07","slug":"repuestos-de-luces","status":"publish","type":"product","link":"https:\/\/www.ritsukaparts.com\/es\/product\/repuestos-de-luces\/","title":{"rendered":"Repuestos de luces"},"content":{"rendered":"","protected":false},"excerpt":{"rendered":"<p>Fabricamos alrededor de 100 mil unidades de \u00f3pticas y repuestos de luces en un mes y cada una bajo estricto control de calidad. Tambi\u00e9n ofrecemos una amplia gama de estos repuestos para la mayor\u00eda de las mejores marcas de motocicletas en todo el mundo. Nuestras luces se producen seg\u00fan los planos y el l\u00edmite de tolerancia, eliminando as\u00ed todos los problemas de montaje. Nuestro adecuado tiempo de ejecuci\u00f3n de la producci\u00f3n garantiza entregas oportunas.<\/p>\n<p>Caracter\u00edsticas:<\/p>\n<ul>\n<li>Larga distancia de haz de luz<\/li>\n<li>Gran durabilidad<\/li>\n<li>Compactas y ligeras<\/li>\n<li>Dise\u00f1o de reflector mejorado<\/li>\n<li>Alto flujo luminoso<\/li>\n<li>Flujo luminoso constante durante toda la vida \u00fatil de la l\u00e1mpara<\/li>\n<li>Resistente al agua<\/li>\n<li>Salida regulada<\/li>\n<li>Descarga de alta densidad<\/li>\n<\/ul>\n","protected":false},"featured_media":17096,"template":"","meta":[],"product_brand":[],"product_cat":[316],"product_tag":[],"class_list":{"0":"post-17042","1":"product","2":"type-product","3":"status-publish","4":"has-post-thumbnail","6":"product_cat-partes-electricas-y-ligeras","8":"first","9":"instock","10":"shipping-taxable","11":"product-type-simple"},"_links":{"self":[{"href":"https:\/\/www.ritsukaparts.com\/es\/wp-json\/wp\/v2\/product\/17042","targetHints":{"allow":["GET"]}}],"collection":[{"href":"https:\/\/www.ritsukaparts.com\/es\/wp-json\/wp\/v2\/product"}],"about":[{"href":"https:\/\/www.ritsukaparts.com\/es\/wp-json\/wp\/v2\/types\/product"}],"wp:featuredmedia":[{"embeddable":true,"href":"https:\/\/www.ritsukaparts.com\/es\/wp-json\/wp\/v2\/media\/17096"}],"wp:attachment":[{"href":"https:\/\/www.ritsukaparts.com\/es\/wp-json\/wp\/v2\/media?parent=17042"}],"wp:term":[{"taxonomy":"product_brand","embeddable":true,"href":"https:\/\/www.ritsukaparts.com\/es\/wp-json\/wp\/v2\/product_brand?post=17042"},{"taxonomy":"product_cat","embeddable":true,"href":"https:\/\/www.ritsukaparts.com\/es\/wp-json\/wp\/v2\/product_cat?post=17042"},{"taxonomy":"product_tag","embeddable":true,"href":"https:\/\/www.ritsukaparts.com\/es\/wp-json\/wp\/v2\/product_tag?post=17042"}],"curies":[{"name":"wp","href":"https:\/\/api.w.org\/{rel}","templated":true}]}}