{"id":17044,"date":"2018-09-22T14:50:20","date_gmt":"2018-09-22T09:20:20","guid":{"rendered":"http:\/\/www.ritsukaparts.com\/new\/product\/import-placeholder-for-1113\/"},"modified":"2018-11-08T13:30:36","modified_gmt":"2018-11-08T08:00:36","slug":"rele","status":"publish","type":"product","link":"https:\/\/www.ritsukaparts.com\/es\/product\/rele\/","title":{"rendered":"Rel\u00e9"},"content":{"rendered":"","protected":false},"excerpt":{"rendered":"<p>Usamos la tecnolog\u00eda m\u00e1s moderna junto con casi una d\u00e9cada de trabajo y dedicaci\u00f3n. Somos superiores en calidad con nuestra tecnolog\u00eda de alta gama y otras caracter\u00edsticas.<\/p>\n<p>Caracter\u00edsticas:<\/p>\n<ul>\n<li>Bobinado preciso para un flujo constante de corriente al motor de arranque<\/li>\n<li>Carcaza libre de \u00f3xido<\/li>\n<li>Conector de nylon PA66 resistente a altas temperaturas y a prueba de fuego<\/li>\n<\/ul>\n","protected":false},"featured_media":17106,"template":"","meta":[],"product_brand":[],"product_cat":[316],"product_tag":[],"class_list":{"0":"post-17044","1":"product","2":"type-product","3":"status-publish","4":"has-post-thumbnail","6":"product_cat-partes-electricas-y-ligeras","8":"first","9":"instock","10":"shipping-taxable","11":"product-type-simple"},"_links":{"self":[{"href":"https:\/\/www.ritsukaparts.com\/es\/wp-json\/wp\/v2\/product\/17044","targetHints":{"allow":["GET"]}}],"collection":[{"href":"https:\/\/www.ritsukaparts.com\/es\/wp-json\/wp\/v2\/product"}],"about":[{"href":"https:\/\/www.ritsukaparts.com\/es\/wp-json\/wp\/v2\/types\/product"}],"wp:featuredmedia":[{"embeddable":true,"href":"https:\/\/www.ritsukaparts.com\/es\/wp-json\/wp\/v2\/media\/17106"}],"wp:attachment":[{"href":"https:\/\/www.ritsukaparts.com\/es\/wp-json\/wp\/v2\/media?parent=17044"}],"wp:term":[{"taxonomy":"product_brand","embeddable":true,"href":"https:\/\/www.ritsukaparts.com\/es\/wp-json\/wp\/v2\/product_brand?post=17044"},{"taxonomy":"product_cat","embeddable":true,"href":"https:\/\/www.ritsukaparts.com\/es\/wp-json\/wp\/v2\/product_cat?post=17044"},{"taxonomy":"product_tag","embeddable":true,"href":"https:\/\/www.ritsukaparts.com\/es\/wp-json\/wp\/v2\/product_tag?post=17044"}],"curies":[{"name":"wp","href":"https:\/\/api.w.org\/{rel}","templated":true}]}}