{"id":17045,"date":"2018-09-22T14:50:21","date_gmt":"2018-09-22T09:20:21","guid":{"rendered":"http:\/\/www.ritsukaparts.com\/new\/product\/import-placeholder-for-1116\/"},"modified":"2018-11-08T13:58:55","modified_gmt":"2018-11-08T08:28:55","slug":"estator","status":"publish","type":"product","link":"https:\/\/www.ritsukaparts.com\/es\/product\/estator\/","title":{"rendered":"Estator"},"content":{"rendered":"","protected":false},"excerpt":{"rendered":"<p>Producimos estatores de motocicletas de alto rendimiento que ofrecen una calidad \u00f3ptima y son m\u00e1s adecuados para satisfacer las demandas \u00fanicas de los clientes.<\/p>\n<p>Caracter\u00edsticas:<\/p>\n<ul>\n<li>El cuerpo est\u00e1 hecho de acero al silicio para una alta generaci\u00f3n de flujo magn\u00e9tico.<\/li>\n<li>Bobinado de alambre de cobre seg\u00fan est\u00e1ndar OEM para alta generaci\u00f3n de corriente.<\/li>\n<li>Laminado de Nylon PA66 para mayor seguridad en alta rotaci\u00f3n.<\/li>\n<li>Cables de PVC nuevos de 0.75 MM para proporcionar una operaci\u00f3n a prueba de fuego y prueba corto circuitos.<\/li>\n<\/ul>\n","protected":false},"featured_media":17108,"template":"","meta":[],"product_brand":[],"product_cat":[316],"product_tag":[],"class_list":{"0":"post-17045","1":"product","2":"type-product","3":"status-publish","4":"has-post-thumbnail","6":"product_cat-partes-electricas-y-ligeras","8":"first","9":"instock","10":"shipping-taxable","11":"product-type-simple"},"_links":{"self":[{"href":"https:\/\/www.ritsukaparts.com\/es\/wp-json\/wp\/v2\/product\/17045","targetHints":{"allow":["GET"]}}],"collection":[{"href":"https:\/\/www.ritsukaparts.com\/es\/wp-json\/wp\/v2\/product"}],"about":[{"href":"https:\/\/www.ritsukaparts.com\/es\/wp-json\/wp\/v2\/types\/product"}],"wp:featuredmedia":[{"embeddable":true,"href":"https:\/\/www.ritsukaparts.com\/es\/wp-json\/wp\/v2\/media\/17108"}],"wp:attachment":[{"href":"https:\/\/www.ritsukaparts.com\/es\/wp-json\/wp\/v2\/media?parent=17045"}],"wp:term":[{"taxonomy":"product_brand","embeddable":true,"href":"https:\/\/www.ritsukaparts.com\/es\/wp-json\/wp\/v2\/product_brand?post=17045"},{"taxonomy":"product_cat","embeddable":true,"href":"https:\/\/www.ritsukaparts.com\/es\/wp-json\/wp\/v2\/product_cat?post=17045"},{"taxonomy":"product_tag","embeddable":true,"href":"https:\/\/www.ritsukaparts.com\/es\/wp-json\/wp\/v2\/product_tag?post=17045"}],"curies":[{"name":"wp","href":"https:\/\/api.w.org\/{rel}","templated":true}]}}