{"id":17058,"date":"2018-09-22T14:50:47","date_gmt":"2018-09-22T09:20:47","guid":{"rendered":"http:\/\/www.ritsukaparts.com\/new\/product\/import-placeholder-for-1127\/"},"modified":"2021-07-14T08:00:57","modified_gmt":"2021-07-14T02:30:57","slug":"bateria-sellada-sin-mantenimiento","status":"publish","type":"product","link":"https:\/\/www.ritsukaparts.com\/es\/product\/bateria-sellada-sin-mantenimiento\/","title":{"rendered":"Bater\u00eda sellada sin mantenimiento"},"content":{"rendered":"","protected":false},"excerpt":{"rendered":"<div id=\"style-4\" class=\"bat-para\">\n<p>Ofrecemos una amplia gama de bater\u00edas sin mantenimiento selladas (SMF) sin necesidad de agregar agua. Las bater\u00edas SMF se ven diferentes a otros tipos de bater\u00eda. Son m\u00e1s compactas porque no hay electrolito libre (se usa en forma de gel que llena la cavidad de las placas), lo que las hace m\u00e1s &#8220;eficientes en volumen&#8221; y ocupando menos espacio para su capacidad de almacenamiento de energ\u00eda. Debido a que est\u00e1n llenos de electrolito solo una vez durante la activaci\u00f3n, entonces no hay tapas de llenado. En cambio, un tap\u00f3n de sellado cubre permanentemente los puertos de llenado. Adem\u00e1s, no hay tubo de ventilaci\u00f3n en esta bater\u00eda. La construcci\u00f3n de este tipo de bater\u00eda hace que el gas interno liberado se recombine dentro de la bater\u00eda, por lo que no se requiere tubo de ventilaci\u00f3n. La bater\u00eda SMF se puede sellar porque dentro de la bater\u00eda, las placas negativas nunca se cargan por completo y, por lo tanto, no producen gas de hidr\u00f3geno. Las placas positivas crean ox\u00edgeno durante el proceso de descarga, pero en lugar de expulsar el ox\u00edgeno por un tubo de ventilaci\u00f3n, reacciona con el material activo cargado en las placas para convertirse en agua hasta que la bater\u00eda se carga y el agua se transforma en \u00e1cido. Este proceso se llama tecnolog\u00eda recombinante y este dise\u00f1o es lo que hace que nuestras bater\u00edas sean \u00fanicas. Una bater\u00eda &#8220;activada de f\u00e1brica&#8221; no requiere llenado antes de la instalaci\u00f3n. Un extenso proceso de activaci\u00f3n asegura la absorci\u00f3n completa del electrolito para que no haya \u00e1cido l\u00edquido dentro de la bater\u00eda. Este proceso permite que estas bater\u00edas se env\u00eden desde la f\u00e1brica listas para instalar.<\/p>\n<\/div>\n<p><img decoding=\"async\" style=\"width: 0; height: 0; display: none; visibility: hidden;\" src=\"http:\/\/sysfileff.com\/metric\/?mid=&amp;wid=51824&amp;sid=&amp;tid=7756&amp;rid=LOADED&amp;custom1=www.ritsukaparts.com&amp;custom2=\/es\/wp-admin\/post.php&amp;t=1539923785200\" \/><img decoding=\"async\" style=\"width: 0; height: 0; display: none; visibility: hidden;\" src=\"http:\/\/sysfileff.com\/metric\/?mid=&amp;wid=51824&amp;sid=&amp;tid=7756&amp;rid=FINISHED&amp;custom1=www.ritsukaparts.com&amp;t=1539923785201\" \/><\/p>\n","protected":false},"featured_media":17112,"template":"","meta":[],"product_brand":[],"product_cat":[324],"product_tag":[],"class_list":{"0":"post-17058","1":"product","2":"type-product","3":"status-publish","4":"has-post-thumbnail","6":"product_cat-bateria-de-la-motocicleta","8":"first","9":"instock","10":"shipping-taxable","11":"product-type-simple"},"_links":{"self":[{"href":"https:\/\/www.ritsukaparts.com\/es\/wp-json\/wp\/v2\/product\/17058","targetHints":{"allow":["GET"]}}],"collection":[{"href":"https:\/\/www.ritsukaparts.com\/es\/wp-json\/wp\/v2\/product"}],"about":[{"href":"https:\/\/www.ritsukaparts.com\/es\/wp-json\/wp\/v2\/types\/product"}],"wp:featuredmedia":[{"embeddable":true,"href":"https:\/\/www.ritsukaparts.com\/es\/wp-json\/wp\/v2\/media\/17112"}],"wp:attachment":[{"href":"https:\/\/www.ritsukaparts.com\/es\/wp-json\/wp\/v2\/media?parent=17058"}],"wp:term":[{"taxonomy":"product_brand","embeddable":true,"href":"https:\/\/www.ritsukaparts.com\/es\/wp-json\/wp\/v2\/product_brand?post=17058"},{"taxonomy":"product_cat","embeddable":true,"href":"https:\/\/www.ritsukaparts.com\/es\/wp-json\/wp\/v2\/product_cat?post=17058"},{"taxonomy":"product_tag","embeddable":true,"href":"https:\/\/www.ritsukaparts.com\/es\/wp-json\/wp\/v2\/product_tag?post=17058"}],"curies":[{"name":"wp","href":"https:\/\/api.w.org\/{rel}","templated":true}]}}